{"id":1888,"date":"2021-05-14T19:08:42","date_gmt":"2021-05-14T17:08:42","guid":{"rendered":"https:\/\/shop.mullethuntingpro.com\/shop\/?post_type=product&#038;p=1888"},"modified":"2022-12-02T11:08:52","modified_gmt":"2022-12-02T10:08:52","slug":"timewood-mullet","status":"publish","type":"product","link":"https:\/\/shop.mullethuntingpro.com\/shop\/produkt\/timewood-mullet\/","title":{"rendered":"TimeWood Mullet"},"content":{"rendered":"<p>D\u0159ev\u011bn\u00e9 hodinky TimeWood MULLET, s vygrav\u00edrovan\u00fdm logem organizace Mullet Hunting PRO, na cifern\u00edku z exotick\u00e9ho zebrana, jsou vyrobeny z \u010dern\u00e9ho santalu. Tyto hodinky jsou ur\u010deny pro pravov\u011brn\u00e9 lovce Mullet\u016f, nebo jejich oddan\u00e9 obdivovatele. Na zadn\u00ed krytku lze je\u0161t\u011b cokoliv grav\u00edrovat, nebo ud\u011blat logo a \u0159em\u00ednek zkr\u00e1tit \u010di prodlou\u017eit, to v\u0161e ZDARMA. Je n\u00e1m ct\u00ed spolupracovat s nejlep\u0161\u00edm \u010desk\u00fdm v\u00fdrobcem d\u0159ev\u011bn\u00fdch hodinek TimeWood.<\/p>\n","protected":false},"excerpt":{"rendered":"<p>D\u0159ev\u011bn\u00e9 hodinky TimeWood MULLET, s vygrav\u00edrovan\u00fdm logem organizace Mullet Hunting PRO.<\/p>\n","protected":false},"featured_media":1894,"comment_status":"open","ping_status":"closed","template":"","meta":[],"class_list":["post-1888","product","type-product","status-publish","has-post-thumbnail","hentry","product_cat-ostatni","product_tag-hodinky"],"yoast_head":"<!-- This site is optimized with the Yoast SEO plugin v26.6 - https:\/\/yoast.com\/wordpress\/plugins\/seo\/ -->\n<title>TimeWood Mullet - MulletHuntingPro Shop<\/title>\n<meta name=\"robots\" content=\"index, follow, max-snippet:-1, max-image-preview:large, max-video-preview:-1\" \/>\n<link rel=\"canonical\" href=\"https:\/\/shop.mullethuntingpro.com\/shop\/produkt\/timewood-mullet\/\" \/>\n<meta property=\"og:locale\" content=\"cs_CZ\" \/>\n<meta property=\"og:type\" content=\"article\" \/>\n<meta property=\"og:title\" content=\"TimeWood Mullet - MulletHuntingPro Shop\" \/>\n<meta property=\"og:description\" content=\"D\u0159ev\u011bn\u00e9 hodinky TimeWood MULLET, s vygrav\u00edrovan\u00fdm logem organizace Mullet Hunting PRO.\" \/>\n<meta property=\"og:url\" content=\"https:\/\/shop.mullethuntingpro.com\/shop\/produkt\/timewood-mullet\/\" \/>\n<meta property=\"og:site_name\" content=\"MulletHuntingPro Shop\" \/>\n<meta property=\"article:modified_time\" content=\"2022-12-02T10:08:52+00:00\" \/>\n<meta property=\"og:image\" content=\"https:\/\/shop.mullethuntingpro.com\/shop\/wp-content\/uploads\/2021\/05\/02_2.jpg\" \/>\n\t<meta property=\"og:image:width\" content=\"800\" \/>\n\t<meta property=\"og:image:height\" content=\"800\" \/>\n\t<meta property=\"og:image:type\" content=\"image\/jpeg\" \/>\n<meta name=\"twitter:card\" content=\"summary_large_image\" \/>\n<meta name=\"twitter:label1\" content=\"Odhadovan\u00e1 doba \u010dten\u00ed\" \/>\n\t<meta name=\"twitter:data1\" content=\"1 minuta\" \/>\n<script type=\"application\/ld+json\" class=\"yoast-schema-graph\">{\"@context\":\"https:\/\/schema.org\",\"@graph\":[{\"@type\":\"WebPage\",\"@id\":\"https:\/\/shop.mullethuntingpro.com\/shop\/produkt\/timewood-mullet\/\",\"url\":\"https:\/\/shop.mullethuntingpro.com\/shop\/produkt\/timewood-mullet\/\",\"name\":\"TimeWood Mullet - MulletHuntingPro Shop\",\"isPartOf\":{\"@id\":\"https:\/\/shop.mullethuntingpro.com\/shop\/#website\"},\"primaryImageOfPage\":{\"@id\":\"https:\/\/shop.mullethuntingpro.com\/shop\/produkt\/timewood-mullet\/#primaryimage\"},\"image\":{\"@id\":\"https:\/\/shop.mullethuntingpro.com\/shop\/produkt\/timewood-mullet\/#primaryimage\"},\"thumbnailUrl\":\"https:\/\/shop.mullethuntingpro.com\/shop\/wp-content\/uploads\/2021\/05\/02_2.jpg\",\"datePublished\":\"2021-05-14T17:08:42+00:00\",\"dateModified\":\"2022-12-02T10:08:52+00:00\",\"breadcrumb\":{\"@id\":\"https:\/\/shop.mullethuntingpro.com\/shop\/produkt\/timewood-mullet\/#breadcrumb\"},\"inLanguage\":\"cs\",\"potentialAction\":[{\"@type\":\"ReadAction\",\"target\":[\"https:\/\/shop.mullethuntingpro.com\/shop\/produkt\/timewood-mullet\/\"]}]},{\"@type\":\"ImageObject\",\"inLanguage\":\"cs\",\"@id\":\"https:\/\/shop.mullethuntingpro.com\/shop\/produkt\/timewood-mullet\/#primaryimage\",\"url\":\"https:\/\/shop.mullethuntingpro.com\/shop\/wp-content\/uploads\/2021\/05\/02_2.jpg\",\"contentUrl\":\"https:\/\/shop.mullethuntingpro.com\/shop\/wp-content\/uploads\/2021\/05\/02_2.jpg\",\"width\":800,\"height\":800},{\"@type\":\"BreadcrumbList\",\"@id\":\"https:\/\/shop.mullethuntingpro.com\/shop\/produkt\/timewood-mullet\/#breadcrumb\",\"itemListElement\":[{\"@type\":\"ListItem\",\"position\":1,\"name\":\"Dom\u016f\",\"item\":\"https:\/\/shop.mullethuntingpro.com\/shop\/\"},{\"@type\":\"ListItem\",\"position\":2,\"name\":\"Shop\",\"item\":\"https:\/\/shop.mullethuntingpro.com\/shop\/shop\/\"},{\"@type\":\"ListItem\",\"position\":3,\"name\":\"TimeWood Mullet\"}]},{\"@type\":\"WebSite\",\"@id\":\"https:\/\/shop.mullethuntingpro.com\/shop\/#website\",\"url\":\"https:\/\/shop.mullethuntingpro.com\/shop\/\",\"name\":\"MulletHuntingPro Shop\",\"description\":\"Merch komunity MulletHuntingPro\",\"publisher\":{\"@id\":\"https:\/\/shop.mullethuntingpro.com\/shop\/#organization\"},\"potentialAction\":[{\"@type\":\"SearchAction\",\"target\":{\"@type\":\"EntryPoint\",\"urlTemplate\":\"https:\/\/shop.mullethuntingpro.com\/shop\/?s={search_term_string}\"},\"query-input\":{\"@type\":\"PropertyValueSpecification\",\"valueRequired\":true,\"valueName\":\"search_term_string\"}}],\"inLanguage\":\"cs\"},{\"@type\":\"Organization\",\"@id\":\"https:\/\/shop.mullethuntingpro.com\/shop\/#organization\",\"name\":\"MulletHuntingPro Shop\",\"url\":\"https:\/\/shop.mullethuntingpro.com\/shop\/\",\"logo\":{\"@type\":\"ImageObject\",\"inLanguage\":\"cs\",\"@id\":\"https:\/\/shop.mullethuntingpro.com\/shop\/#\/schema\/logo\/image\/\",\"url\":\"https:\/\/shop.mullethuntingpro.com\/shop\/wp-content\/uploads\/2021\/02\/mullet-logo-dark.png\",\"contentUrl\":\"https:\/\/shop.mullethuntingpro.com\/shop\/wp-content\/uploads\/2021\/02\/mullet-logo-dark.png\",\"width\":377,\"height\":76,\"caption\":\"MulletHuntingPro Shop\"},\"image\":{\"@id\":\"https:\/\/shop.mullethuntingpro.com\/shop\/#\/schema\/logo\/image\/\"}}]}<\/script>\n<!-- \/ Yoast SEO plugin. -->","yoast_head_json":{"title":"TimeWood Mullet - MulletHuntingPro Shop","robots":{"index":"index","follow":"follow","max-snippet":"max-snippet:-1","max-image-preview":"max-image-preview:large","max-video-preview":"max-video-preview:-1"},"canonical":"https:\/\/shop.mullethuntingpro.com\/shop\/produkt\/timewood-mullet\/","og_locale":"cs_CZ","og_type":"article","og_title":"TimeWood Mullet - MulletHuntingPro Shop","og_description":"D\u0159ev\u011bn\u00e9 hodinky TimeWood MULLET, s vygrav\u00edrovan\u00fdm logem organizace Mullet Hunting PRO.","og_url":"https:\/\/shop.mullethuntingpro.com\/shop\/produkt\/timewood-mullet\/","og_site_name":"MulletHuntingPro Shop","article_modified_time":"2022-12-02T10:08:52+00:00","og_image":[{"width":800,"height":800,"url":"https:\/\/shop.mullethuntingpro.com\/shop\/wp-content\/uploads\/2021\/05\/02_2.jpg","type":"image\/jpeg"}],"twitter_card":"summary_large_image","twitter_misc":{"Odhadovan\u00e1 doba \u010dten\u00ed":"1 minuta"},"schema":{"@context":"https:\/\/schema.org","@graph":[{"@type":"WebPage","@id":"https:\/\/shop.mullethuntingpro.com\/shop\/produkt\/timewood-mullet\/","url":"https:\/\/shop.mullethuntingpro.com\/shop\/produkt\/timewood-mullet\/","name":"TimeWood Mullet - MulletHuntingPro Shop","isPartOf":{"@id":"https:\/\/shop.mullethuntingpro.com\/shop\/#website"},"primaryImageOfPage":{"@id":"https:\/\/shop.mullethuntingpro.com\/shop\/produkt\/timewood-mullet\/#primaryimage"},"image":{"@id":"https:\/\/shop.mullethuntingpro.com\/shop\/produkt\/timewood-mullet\/#primaryimage"},"thumbnailUrl":"https:\/\/shop.mullethuntingpro.com\/shop\/wp-content\/uploads\/2021\/05\/02_2.jpg","datePublished":"2021-05-14T17:08:42+00:00","dateModified":"2022-12-02T10:08:52+00:00","breadcrumb":{"@id":"https:\/\/shop.mullethuntingpro.com\/shop\/produkt\/timewood-mullet\/#breadcrumb"},"inLanguage":"cs","potentialAction":[{"@type":"ReadAction","target":["https:\/\/shop.mullethuntingpro.com\/shop\/produkt\/timewood-mullet\/"]}]},{"@type":"ImageObject","inLanguage":"cs","@id":"https:\/\/shop.mullethuntingpro.com\/shop\/produkt\/timewood-mullet\/#primaryimage","url":"https:\/\/shop.mullethuntingpro.com\/shop\/wp-content\/uploads\/2021\/05\/02_2.jpg","contentUrl":"https:\/\/shop.mullethuntingpro.com\/shop\/wp-content\/uploads\/2021\/05\/02_2.jpg","width":800,"height":800},{"@type":"BreadcrumbList","@id":"https:\/\/shop.mullethuntingpro.com\/shop\/produkt\/timewood-mullet\/#breadcrumb","itemListElement":[{"@type":"ListItem","position":1,"name":"Dom\u016f","item":"https:\/\/shop.mullethuntingpro.com\/shop\/"},{"@type":"ListItem","position":2,"name":"Shop","item":"https:\/\/shop.mullethuntingpro.com\/shop\/shop\/"},{"@type":"ListItem","position":3,"name":"TimeWood Mullet"}]},{"@type":"WebSite","@id":"https:\/\/shop.mullethuntingpro.com\/shop\/#website","url":"https:\/\/shop.mullethuntingpro.com\/shop\/","name":"MulletHuntingPro Shop","description":"Merch komunity MulletHuntingPro","publisher":{"@id":"https:\/\/shop.mullethuntingpro.com\/shop\/#organization"},"potentialAction":[{"@type":"SearchAction","target":{"@type":"EntryPoint","urlTemplate":"https:\/\/shop.mullethuntingpro.com\/shop\/?s={search_term_string}"},"query-input":{"@type":"PropertyValueSpecification","valueRequired":true,"valueName":"search_term_string"}}],"inLanguage":"cs"},{"@type":"Organization","@id":"https:\/\/shop.mullethuntingpro.com\/shop\/#organization","name":"MulletHuntingPro Shop","url":"https:\/\/shop.mullethuntingpro.com\/shop\/","logo":{"@type":"ImageObject","inLanguage":"cs","@id":"https:\/\/shop.mullethuntingpro.com\/shop\/#\/schema\/logo\/image\/","url":"https:\/\/shop.mullethuntingpro.com\/shop\/wp-content\/uploads\/2021\/02\/mullet-logo-dark.png","contentUrl":"https:\/\/shop.mullethuntingpro.com\/shop\/wp-content\/uploads\/2021\/02\/mullet-logo-dark.png","width":377,"height":76,"caption":"MulletHuntingPro Shop"},"image":{"@id":"https:\/\/shop.mullethuntingpro.com\/shop\/#\/schema\/logo\/image\/"}}]}},"_links":{"self":[{"href":"https:\/\/shop.mullethuntingpro.com\/shop\/wp-json\/wp\/v2\/product\/1888","targetHints":{"allow":["GET"]}}],"collection":[{"href":"https:\/\/shop.mullethuntingpro.com\/shop\/wp-json\/wp\/v2\/product"}],"about":[{"href":"https:\/\/shop.mullethuntingpro.com\/shop\/wp-json\/wp\/v2\/types\/product"}],"replies":[{"embeddable":true,"href":"https:\/\/shop.mullethuntingpro.com\/shop\/wp-json\/wp\/v2\/comments?post=1888"}],"wp:featuredmedia":[{"embeddable":true,"href":"https:\/\/shop.mullethuntingpro.com\/shop\/wp-json\/wp\/v2\/media\/1894"}],"wp:attachment":[{"href":"https:\/\/shop.mullethuntingpro.com\/shop\/wp-json\/wp\/v2\/media?parent=1888"}],"curies":[{"name":"wp","href":"https:\/\/api.w.org\/{rel}","templated":true}]}}