{"id":1788,"date":"2021-02-26T20:26:13","date_gmt":"2021-02-26T19:26:13","guid":{"rendered":"https:\/\/shop.mullethuntingpro.com\/shop\/?post_type=product&#038;p=1788"},"modified":"2021-03-14T09:15:15","modified_gmt":"2021-03-14T08:15:15","slug":"triko-mullet-hunting-pro-bile","status":"publish","type":"product","link":"https:\/\/shop.mullethuntingpro.com\/shop\/produkt\/triko-mullet-hunting-pro-bile\/","title":{"rendered":"Triko Mullet Hunting Pro &#8211; Lovec m\u011bs\u00edce"},"content":{"rendered":"<p>Do boje o nejcenn\u011bj\u0161\u00ed titul na\u0161\u00ed organizace se ka\u017ed\u00fd rok nominuje celkem 12 Lovc\u016f m\u011bs\u00edce, kte\u0159\u00ed se v\u00a0otev\u0159en\u00e9m hlasov\u00e1n\u00ed loveck\u00e9 komunity poperou o absolutn\u00edho v\u00edt\u011bze loveck\u00e9 sezony. Lovec roku z\u00edsk\u00e1 unik\u00e1tn\u00ed triko, placku ale hlavn\u011b putovn\u00ed trofej, na n\u00ed\u017e bude jeho jm\u00e9no nav\u017edy zaps\u00e1no jako\u017eto v\u00edt\u011bz dan\u00e9ho ro\u010dn\u00edku. Trofej m\u00e1 pod smlouvou na m\u011bs\u00edc zap\u016fj\u010denou k\u00a0oslav\u00e1m a pot\u00e9 se vr\u00e1t\u00ed do s\u00eddla na\u0161\u00ed organizace, kde bude po zbytek roku \u010dekat na dal\u0161\u00edho v\u00edt\u011bze.<\/p>\n","protected":false},"excerpt":{"rendered":"<p>Lovec m\u011bs\u00edce v\u017edy za sv\u016fj odlov z\u00edsk\u00e1 unik\u00e1tn\u00ed triko, kter\u00e9 se d\u00e1 jedin\u011b vyhr\u00e1t.<\/p>\n<p>Tento produkt nen\u00ed na prodej, pokud ho chcete vyhr\u00e1t p\u0159ihlaste se do sout\u011b\u017ee.<\/p>\n","protected":false},"featured_media":1768,"comment_status":"open","ping_status":"closed","template":"","meta":[],"class_list":["post-1788","product","type-product","status-publish","has-post-thumbnail","hentry","product_cat-trika"],"yoast_head":"<!-- This site is optimized with the Yoast SEO plugin v26.6 - https:\/\/yoast.com\/wordpress\/plugins\/seo\/ -->\n<title>Triko Mullet Hunting Pro - Lovec m\u011bs\u00edce - MulletHuntingPro Shop<\/title>\n<meta name=\"robots\" content=\"index, follow, max-snippet:-1, max-image-preview:large, max-video-preview:-1\" \/>\n<link rel=\"canonical\" href=\"https:\/\/shop.mullethuntingpro.com\/shop\/produkt\/triko-mullet-hunting-pro-bile\/\" \/>\n<meta property=\"og:locale\" content=\"cs_CZ\" \/>\n<meta property=\"og:type\" content=\"article\" \/>\n<meta property=\"og:title\" content=\"Triko Mullet Hunting Pro - Lovec m\u011bs\u00edce - MulletHuntingPro Shop\" \/>\n<meta property=\"og:description\" content=\"Lovec m\u011bs\u00edce v\u017edy za sv\u016fj odlov z\u00edsk\u00e1 unik\u00e1tn\u00ed triko, kter\u00e9 se d\u00e1 jedin\u011b vyhr\u00e1t.  Tento produkt nen\u00ed na prodej, pokud ho chcete vyhr\u00e1t p\u0159ihlaste se do sout\u011b\u017ee.\" \/>\n<meta property=\"og:url\" content=\"https:\/\/shop.mullethuntingpro.com\/shop\/produkt\/triko-mullet-hunting-pro-bile\/\" \/>\n<meta property=\"og:site_name\" content=\"MulletHuntingPro Shop\" \/>\n<meta property=\"article:modified_time\" content=\"2021-03-14T08:15:15+00:00\" \/>\n<meta property=\"og:image\" content=\"https:\/\/shop.mullethuntingpro.com\/shop\/wp-content\/uploads\/2021\/02\/DSC02855-scaled.jpg\" \/>\n\t<meta property=\"og:image:width\" content=\"2048\" \/>\n\t<meta property=\"og:image:height\" content=\"2560\" \/>\n\t<meta property=\"og:image:type\" content=\"image\/jpeg\" \/>\n<meta name=\"twitter:card\" content=\"summary_large_image\" \/>\n<meta name=\"twitter:label1\" content=\"Odhadovan\u00e1 doba \u010dten\u00ed\" \/>\n\t<meta name=\"twitter:data1\" content=\"1 minuta\" \/>\n<script type=\"application\/ld+json\" class=\"yoast-schema-graph\">{\"@context\":\"https:\/\/schema.org\",\"@graph\":[{\"@type\":\"WebPage\",\"@id\":\"https:\/\/shop.mullethuntingpro.com\/shop\/produkt\/triko-mullet-hunting-pro-bile\/\",\"url\":\"https:\/\/shop.mullethuntingpro.com\/shop\/produkt\/triko-mullet-hunting-pro-bile\/\",\"name\":\"Triko Mullet Hunting Pro - Lovec m\u011bs\u00edce - MulletHuntingPro Shop\",\"isPartOf\":{\"@id\":\"https:\/\/shop.mullethuntingpro.com\/shop\/#website\"},\"primaryImageOfPage\":{\"@id\":\"https:\/\/shop.mullethuntingpro.com\/shop\/produkt\/triko-mullet-hunting-pro-bile\/#primaryimage\"},\"image\":{\"@id\":\"https:\/\/shop.mullethuntingpro.com\/shop\/produkt\/triko-mullet-hunting-pro-bile\/#primaryimage\"},\"thumbnailUrl\":\"https:\/\/shop.mullethuntingpro.com\/shop\/wp-content\/uploads\/2021\/02\/DSC02855-scaled.jpg\",\"datePublished\":\"2021-02-26T19:26:13+00:00\",\"dateModified\":\"2021-03-14T08:15:15+00:00\",\"breadcrumb\":{\"@id\":\"https:\/\/shop.mullethuntingpro.com\/shop\/produkt\/triko-mullet-hunting-pro-bile\/#breadcrumb\"},\"inLanguage\":\"cs\",\"potentialAction\":[{\"@type\":\"ReadAction\",\"target\":[\"https:\/\/shop.mullethuntingpro.com\/shop\/produkt\/triko-mullet-hunting-pro-bile\/\"]}]},{\"@type\":\"ImageObject\",\"inLanguage\":\"cs\",\"@id\":\"https:\/\/shop.mullethuntingpro.com\/shop\/produkt\/triko-mullet-hunting-pro-bile\/#primaryimage\",\"url\":\"https:\/\/shop.mullethuntingpro.com\/shop\/wp-content\/uploads\/2021\/02\/DSC02855-scaled.jpg\",\"contentUrl\":\"https:\/\/shop.mullethuntingpro.com\/shop\/wp-content\/uploads\/2021\/02\/DSC02855-scaled.jpg\",\"width\":2048,\"height\":2560},{\"@type\":\"BreadcrumbList\",\"@id\":\"https:\/\/shop.mullethuntingpro.com\/shop\/produkt\/triko-mullet-hunting-pro-bile\/#breadcrumb\",\"itemListElement\":[{\"@type\":\"ListItem\",\"position\":1,\"name\":\"Dom\u016f\",\"item\":\"https:\/\/shop.mullethuntingpro.com\/shop\/\"},{\"@type\":\"ListItem\",\"position\":2,\"name\":\"Shop\",\"item\":\"https:\/\/shop.mullethuntingpro.com\/shop\/shop\/\"},{\"@type\":\"ListItem\",\"position\":3,\"name\":\"Triko Mullet Hunting Pro &#8211; Lovec m\u011bs\u00edce\"}]},{\"@type\":\"WebSite\",\"@id\":\"https:\/\/shop.mullethuntingpro.com\/shop\/#website\",\"url\":\"https:\/\/shop.mullethuntingpro.com\/shop\/\",\"name\":\"MulletHuntingPro Shop\",\"description\":\"Merch komunity MulletHuntingPro\",\"publisher\":{\"@id\":\"https:\/\/shop.mullethuntingpro.com\/shop\/#organization\"},\"potentialAction\":[{\"@type\":\"SearchAction\",\"target\":{\"@type\":\"EntryPoint\",\"urlTemplate\":\"https:\/\/shop.mullethuntingpro.com\/shop\/?s={search_term_string}\"},\"query-input\":{\"@type\":\"PropertyValueSpecification\",\"valueRequired\":true,\"valueName\":\"search_term_string\"}}],\"inLanguage\":\"cs\"},{\"@type\":\"Organization\",\"@id\":\"https:\/\/shop.mullethuntingpro.com\/shop\/#organization\",\"name\":\"MulletHuntingPro Shop\",\"url\":\"https:\/\/shop.mullethuntingpro.com\/shop\/\",\"logo\":{\"@type\":\"ImageObject\",\"inLanguage\":\"cs\",\"@id\":\"https:\/\/shop.mullethuntingpro.com\/shop\/#\/schema\/logo\/image\/\",\"url\":\"https:\/\/shop.mullethuntingpro.com\/shop\/wp-content\/uploads\/2021\/02\/mullet-logo-dark.png\",\"contentUrl\":\"https:\/\/shop.mullethuntingpro.com\/shop\/wp-content\/uploads\/2021\/02\/mullet-logo-dark.png\",\"width\":377,\"height\":76,\"caption\":\"MulletHuntingPro Shop\"},\"image\":{\"@id\":\"https:\/\/shop.mullethuntingpro.com\/shop\/#\/schema\/logo\/image\/\"}}]}<\/script>\n<!-- \/ Yoast SEO plugin. -->","yoast_head_json":{"title":"Triko Mullet Hunting Pro - Lovec m\u011bs\u00edce - MulletHuntingPro Shop","robots":{"index":"index","follow":"follow","max-snippet":"max-snippet:-1","max-image-preview":"max-image-preview:large","max-video-preview":"max-video-preview:-1"},"canonical":"https:\/\/shop.mullethuntingpro.com\/shop\/produkt\/triko-mullet-hunting-pro-bile\/","og_locale":"cs_CZ","og_type":"article","og_title":"Triko Mullet Hunting Pro - Lovec m\u011bs\u00edce - MulletHuntingPro Shop","og_description":"Lovec m\u011bs\u00edce v\u017edy za sv\u016fj odlov z\u00edsk\u00e1 unik\u00e1tn\u00ed triko, kter\u00e9 se d\u00e1 jedin\u011b vyhr\u00e1t.  Tento produkt nen\u00ed na prodej, pokud ho chcete vyhr\u00e1t p\u0159ihlaste se do sout\u011b\u017ee.","og_url":"https:\/\/shop.mullethuntingpro.com\/shop\/produkt\/triko-mullet-hunting-pro-bile\/","og_site_name":"MulletHuntingPro Shop","article_modified_time":"2021-03-14T08:15:15+00:00","og_image":[{"width":2048,"height":2560,"url":"https:\/\/shop.mullethuntingpro.com\/shop\/wp-content\/uploads\/2021\/02\/DSC02855-scaled.jpg","type":"image\/jpeg"}],"twitter_card":"summary_large_image","twitter_misc":{"Odhadovan\u00e1 doba \u010dten\u00ed":"1 minuta"},"schema":{"@context":"https:\/\/schema.org","@graph":[{"@type":"WebPage","@id":"https:\/\/shop.mullethuntingpro.com\/shop\/produkt\/triko-mullet-hunting-pro-bile\/","url":"https:\/\/shop.mullethuntingpro.com\/shop\/produkt\/triko-mullet-hunting-pro-bile\/","name":"Triko Mullet Hunting Pro - Lovec m\u011bs\u00edce - MulletHuntingPro Shop","isPartOf":{"@id":"https:\/\/shop.mullethuntingpro.com\/shop\/#website"},"primaryImageOfPage":{"@id":"https:\/\/shop.mullethuntingpro.com\/shop\/produkt\/triko-mullet-hunting-pro-bile\/#primaryimage"},"image":{"@id":"https:\/\/shop.mullethuntingpro.com\/shop\/produkt\/triko-mullet-hunting-pro-bile\/#primaryimage"},"thumbnailUrl":"https:\/\/shop.mullethuntingpro.com\/shop\/wp-content\/uploads\/2021\/02\/DSC02855-scaled.jpg","datePublished":"2021-02-26T19:26:13+00:00","dateModified":"2021-03-14T08:15:15+00:00","breadcrumb":{"@id":"https:\/\/shop.mullethuntingpro.com\/shop\/produkt\/triko-mullet-hunting-pro-bile\/#breadcrumb"},"inLanguage":"cs","potentialAction":[{"@type":"ReadAction","target":["https:\/\/shop.mullethuntingpro.com\/shop\/produkt\/triko-mullet-hunting-pro-bile\/"]}]},{"@type":"ImageObject","inLanguage":"cs","@id":"https:\/\/shop.mullethuntingpro.com\/shop\/produkt\/triko-mullet-hunting-pro-bile\/#primaryimage","url":"https:\/\/shop.mullethuntingpro.com\/shop\/wp-content\/uploads\/2021\/02\/DSC02855-scaled.jpg","contentUrl":"https:\/\/shop.mullethuntingpro.com\/shop\/wp-content\/uploads\/2021\/02\/DSC02855-scaled.jpg","width":2048,"height":2560},{"@type":"BreadcrumbList","@id":"https:\/\/shop.mullethuntingpro.com\/shop\/produkt\/triko-mullet-hunting-pro-bile\/#breadcrumb","itemListElement":[{"@type":"ListItem","position":1,"name":"Dom\u016f","item":"https:\/\/shop.mullethuntingpro.com\/shop\/"},{"@type":"ListItem","position":2,"name":"Shop","item":"https:\/\/shop.mullethuntingpro.com\/shop\/shop\/"},{"@type":"ListItem","position":3,"name":"Triko Mullet Hunting Pro &#8211; Lovec m\u011bs\u00edce"}]},{"@type":"WebSite","@id":"https:\/\/shop.mullethuntingpro.com\/shop\/#website","url":"https:\/\/shop.mullethuntingpro.com\/shop\/","name":"MulletHuntingPro Shop","description":"Merch komunity MulletHuntingPro","publisher":{"@id":"https:\/\/shop.mullethuntingpro.com\/shop\/#organization"},"potentialAction":[{"@type":"SearchAction","target":{"@type":"EntryPoint","urlTemplate":"https:\/\/shop.mullethuntingpro.com\/shop\/?s={search_term_string}"},"query-input":{"@type":"PropertyValueSpecification","valueRequired":true,"valueName":"search_term_string"}}],"inLanguage":"cs"},{"@type":"Organization","@id":"https:\/\/shop.mullethuntingpro.com\/shop\/#organization","name":"MulletHuntingPro Shop","url":"https:\/\/shop.mullethuntingpro.com\/shop\/","logo":{"@type":"ImageObject","inLanguage":"cs","@id":"https:\/\/shop.mullethuntingpro.com\/shop\/#\/schema\/logo\/image\/","url":"https:\/\/shop.mullethuntingpro.com\/shop\/wp-content\/uploads\/2021\/02\/mullet-logo-dark.png","contentUrl":"https:\/\/shop.mullethuntingpro.com\/shop\/wp-content\/uploads\/2021\/02\/mullet-logo-dark.png","width":377,"height":76,"caption":"MulletHuntingPro Shop"},"image":{"@id":"https:\/\/shop.mullethuntingpro.com\/shop\/#\/schema\/logo\/image\/"}}]}},"_links":{"self":[{"href":"https:\/\/shop.mullethuntingpro.com\/shop\/wp-json\/wp\/v2\/product\/1788","targetHints":{"allow":["GET"]}}],"collection":[{"href":"https:\/\/shop.mullethuntingpro.com\/shop\/wp-json\/wp\/v2\/product"}],"about":[{"href":"https:\/\/shop.mullethuntingpro.com\/shop\/wp-json\/wp\/v2\/types\/product"}],"replies":[{"embeddable":true,"href":"https:\/\/shop.mullethuntingpro.com\/shop\/wp-json\/wp\/v2\/comments?post=1788"}],"wp:featuredmedia":[{"embeddable":true,"href":"https:\/\/shop.mullethuntingpro.com\/shop\/wp-json\/wp\/v2\/media\/1768"}],"wp:attachment":[{"href":"https:\/\/shop.mullethuntingpro.com\/shop\/wp-json\/wp\/v2\/media?parent=1788"}],"curies":[{"name":"wp","href":"https:\/\/api.w.org\/{rel}","templated":true}]}}