{"id":2459,"date":"2025-09-05T09:35:37","date_gmt":"2025-09-05T07:35:37","guid":{"rendered":"https:\/\/shop.mullethuntingpro.com\/shop\/?page_id=2459"},"modified":"2025-09-05T09:35:37","modified_gmt":"2025-09-05T07:35:37","slug":"gdpr","status":"publish","type":"page","link":"https:\/\/shop.mullethuntingpro.com\/shop\/gdpr\/","title":{"rendered":"GDPR"},"content":{"rendered":"<p>[vc_row][vc_column][vc_column_text text_larger=&#8220;no&#8220;]<\/p>\n<p class=\"p1\"><b>INFORMACE POSKYTNUT\u00c9 SPR\u00c1VCEM OSOBN\u00cdCH \u00daDAJ\u016e<\/b><b><\/b><\/p>\n<p class=\"p2\">podle na\u0159\u00edzen\u00ed Evropsk\u00e9ho parlamentu a Rady (EU) \u010d. 2016\/679 ze dne 27.04.2016 o ochran\u011b fyzick\u00fdch osob v souvislosti se zpracov\u00e1n\u00edm osobn\u00edch \u00fadaj\u016f a o voln\u00e9m pohybu t\u011bchto \u00fadaj\u016f a o zru\u0161en\u00ed sm\u011brnice 95\/46\/ES<br \/>\n(d\u00e1le tak\u00e9 jen \u201e<b>Sd\u011blen\u00ed<\/b>\u201c)<\/p>\n<p class=\"p1\"><b>I.<\/b><\/p>\n<p class=\"p1\"><b>\u00davodn\u00ed informace<\/b><b><\/b><\/p>\n<ul class=\"ul1\">\n<li class=\"li1\">Pan <b>Ale\u0161 Tomsa<\/b>, se s\u00eddlem Amforov\u00e1 1894\/26, 155 00, Praha 5 \u2013 Stod\u016flky, narozen\u00fd dne 03.10.1990, I\u010cO: 87675412 (d\u00e1le jen \u201e<b>Spr\u00e1vce<\/b>\u201c), informuje t\u00edmto v\u00a0souladu s na\u0159\u00edzen\u00edm Evropsk\u00e9ho parlamentu a Rady (EU) \u010d. 2016\/679 ze dne 27.04.2016 o ochran\u011b fyzick\u00fdch osob v souvislosti se zpracov\u00e1n\u00edm osobn\u00edch \u00fadaj\u016f a o voln\u00e9m pohybu t\u011bchto \u00fadaj\u016f a o zru\u0161en\u00ed sm\u011brnice 95\/46\/ES (d\u00e1le jen \u201e<b>Na\u0159\u00edzen\u00ed o ochran\u011b osobn\u00edch \u00fadaj\u016f<\/b>\u201c), o rozsahu a zp\u016fsobu zpracov\u00e1n\u00ed osobn\u00edch \u00fadaj\u016f z\u00e1kazn\u00edk\u016f e-shopu veden\u00e9ho na webov\u00e9 adrese: <a href=\"https:\/\/shop.mullethuntingpro.com\/shop\/\"><span class=\"s1\">https:\/\/shop.mullethuntingpro.com\/shop\/<\/span><\/a> (d\u00e1le jen \u201e<b>Subjekt \u00fadaj\u016f<\/b>\u201c).<\/li>\n<\/ul>\n<ul class=\"ul1\">\n<li class=\"li1\">Pokud v\u00a0tomto Sd\u011blen\u00ed nen\u00ed v\u00fdslovn\u011b uvedeno jinak, plat\u00ed, \u017ee v\u00fdznam definic pou\u017eit\u00fdch v\u00a0tomto Sd\u011blen\u00ed odpov\u00edd\u00e1 definic\u00edm v Na\u0159\u00edzen\u00ed o ochran\u011b osobn\u00edch \u00fadaj\u016f.<\/li>\n<\/ul>\n<p class=\"p1\"><b>II.<\/b><\/p>\n<p class=\"p1\"><b>\u00da\u010del a pr\u00e1vn\u00ed z\u00e1klad zpracov\u00e1n\u00ed osobn\u00edch \u00fadaj\u016f<\/b><b><\/b><\/p>\n<ul class=\"ul1\">\n<li class=\"li1\">Osobn\u00ed \u00fadaje Subjekt\u016f \u00fadaj\u016f jsou \/ budou Spr\u00e1vcem zpracov\u00e1v\u00e1ny v\u00a0souvislosti s (i) pln\u011bn\u00edm povinnost\u00ed ze smluv uzav\u0159en\u00fdch se Subjekty \u00fadaj\u016f, (ii) veden\u00edm evidence Subjekt\u016f \u00fadaj\u016f (zejm\u00e9na pak veden\u00edm evidence objednatel\u016f \/ z\u00e1kazn\u00edk\u016f Spr\u00e1vce) a \/ nebo (iii) pln\u011bn\u00edm z\u00e1konn\u00fdch (a podz\u00e1konn\u00fdch) povinnost\u00ed Spr\u00e1vce (zejm\u00e9na pak (nikoli v\u0161ak v\u00fdlu\u010dn\u011b) v\u00a0souvislosti s\u00a0pln\u011bn\u00edm povinnost\u00ed souvisej\u00edc\u00edch s\u00a0veden\u00edm \u00fa\u010detnictv\u00ed Spr\u00e1vce).<\/li>\n<\/ul>\n<ul class=\"ul1\">\n<li class=\"li1\">Osobn\u00ed \u00fadaje Subjekt\u016f \u00fadaj\u016f zpracov\u00e1van\u00e9 v\u00a0souvislosti s (i) pln\u011bn\u00edm povinnost\u00ed ze smluv uzav\u0159en\u00fdch se Subjekty \u00fadaj\u016f, (ii) veden\u00edm evidence Subjekt\u016f \u00fadaj\u016f (zejm\u00e9na pak veden\u00edm evidence objednatel\u016f \/ z\u00e1kazn\u00edk\u016f Spr\u00e1vce) a \/ nebo (iii) pln\u011bn\u00edm z\u00e1konn\u00fdch (a podz\u00e1konn\u00fdch) povinnost\u00ed Spr\u00e1vce (zejm\u00e9na pak (nikoli v\u0161ak v\u00fdlu\u010dn\u011b) v\u00a0souvislosti s\u00a0pln\u011bn\u00edm povinnost\u00ed souvisej\u00edc\u00edch s\u00a0veden\u00edm \u00fa\u010detnictv\u00ed Spr\u00e1vce) budou zpracov\u00e1v\u00e1ny za \u00fa\u010delem pln\u011bn\u00ed smluvn\u00edch (viz \u010dl\u00e1nek 6 odst. 1 p\u00edsm. b) Na\u0159\u00edzen\u00ed o ochran\u011b osobn\u00edch \u00fadaj\u016f) a \/ nebo z\u00e1konn\u00fdch (viz \u010dl\u00e1nek 6 odst. 1 p\u00edsm. c) Na\u0159\u00edzen\u00ed o ochran\u011b osobn\u00edch \u00fadaj\u016f) povinnost\u00ed Spr\u00e1vce.<\/li>\n<\/ul>\n<p class=\"p1\"><b>III.<\/b><\/p>\n<p class=\"p1\"><b>Rozsah zpracov\u00e1van\u00fdch osobn\u00edch \u00fadaj\u016f<\/b><b><\/b><\/p>\n<ul class=\"ul1\">\n<li class=\"li1\">Osobn\u00ed \u00fadaje Subjekt\u016f \u00fadaj\u016f budou zpracov\u00e1v\u00e1ny v rozsahu: (i) jm\u00e9no\/a, (ii) p\u0159\u00edjmen\u00ed, (iii) m\u00edsto trval\u00e9ho pobytu (obec, ulice, \u010d\u00edslo popisn\u00e9 \/ \u010d\u00edslo orienta\u010dn\u00ed, PS\u010c) nebo (iv) m\u00edsto faktick\u00e9ho pobytu (obec, ulice, \u010d\u00edslo popisn\u00e9 \/ \u010d\u00edslo orienta\u010dn\u00ed, PS\u010c), faktura\u010dn\u00ed \u00fadaje, telefonn\u00ed \u010d\u00edslo\/a, e-mail\/y, firma (n\u00e1zev obchodn\u00ed spole\u010dnosti a \/ nebo jin\u00e9 formy pr\u00e1vnick\u00e9 osoby).<\/li>\n<\/ul>\n<p class=\"p1\"><b>IV.<\/b><\/p>\n<p class=\"p1\"><b>Doba zpracov\u00e1n\u00ed osobn\u00edch \u00fadaj\u016f<\/b><b><\/b><\/p>\n<ul class=\"ul1\">\n<li class=\"li1\">Osobn\u00ed \u00fadaje Subjekt\u016f \u00fadaj\u016f budou zpracov\u00e1v\u00e1ny pouze po dobu nezbytn\u011b nutnou. Osobn\u00ed \u00fadaje Subjekt\u016f \u00fadaj\u016f zpracov\u00e1van\u00e9 v\u00a0souvislosti s (i) pln\u011bn\u00edm povinnost\u00ed ze smluv uzav\u0159en\u00fdch se Subjekty \u00fadaj\u016f, (ii) veden\u00edm evidence Subjekt\u016f \u00fadaj\u016f (zejm\u00e9na pak veden\u00edm evidence objednatel\u016f \/ z\u00e1kazn\u00edk\u016f Spr\u00e1vce) a \/ nebo (iii) pln\u011bn\u00edm z\u00e1konn\u00fdch (a podz\u00e1konn\u00fdch) povinnost\u00ed Spr\u00e1vce (zejm\u00e9na pak (nikoli v\u0161ak v\u00fdlu\u010dn\u011b) v\u00a0souvislosti s\u00a0pln\u011bn\u00edm povinnost\u00ed souvisej\u00edc\u00edch s\u00a0veden\u00edm \u00fa\u010detnictv\u00ed Spr\u00e1vce) budou zpracov\u00e1v\u00e1ny nejv\u00fd\u0161e po dobu existence z\u00e1vazk\u016f ze smlouvy uzav\u0159en\u00e9 mezi Spr\u00e1vcem a p\u0159\u00edslu\u0161n\u00fdm Subjektem \u00fadaj\u016f a \/ nebo minim\u00e1ln\u00ed dobu ur\u010denou p\u0159\u00edslu\u0161n\u00fdmi pr\u00e1vn\u00edmi p\u0159edpisy (podle toho, kter\u00e1 doba je \/ bude del\u0161\u00ed).<\/li>\n<\/ul>\n<p class=\"p1\"><b>V.<\/b><\/p>\n<p class=\"p1\"><b>Kontaktn\u00ed \u00fadaje<\/b><\/p>\n<ul class=\"ul1\">\n<li class=\"li1\">Spr\u00e1vce lze kontaktovat:<\/li>\n<li class=\"li1\">p\u00edsemn\u011b na adrese Amforov\u00e1 1894\/26, 155 00, Praha 5 &#8211; Stod\u016flky;<\/li>\n<li class=\"li1\">telefonicky prost\u0159ednictv\u00edm telefonn\u00edho \u010d\u00edsla <span class=\"s2\">728092677<\/span>; a<\/li>\n<li class=\"li1\">elektronicky prost\u0159ednictv\u00edm e-mailu: <span class=\"s2\">mullethuntingpro@email.cz<\/span>.<\/li>\n<\/ul>\n<p class=\"p1\"><b>VI.<\/b><\/p>\n<p class=\"p1\"><b>Informace o p\u0159\u00edjemc\u00edch osobn\u00edch \u00fadaj\u016f a \u00famyslu p\u0159edat osobn\u00ed \u00fadaje<\/b><\/p>\n<ul class=\"ul1\">\n<li class=\"li1\">Spr\u00e1vce nep\u0159ed\u00e1v\u00e1 a nem\u00e1 v\u00a0\u00famyslu p\u0159ed\u00e1vat osobn\u00ed \u00fadaje Subjekt\u016f \u00fadaj\u016f t\u0159et\u00edm osob\u00e1m (p\u0159\u00edjemc\u016fm takov\u00fdch osobn\u00edch \u00fadaj\u016f).<\/li>\n<\/ul>\n<ul class=\"ul1\">\n<li class=\"li1\">Spr\u00e1vce nem\u00e1 v\u00a0\u00famyslu p\u0159edat osobn\u00ed \u00fadaje Subjekt\u016f \u00fadaj\u016f do t\u0159et\u00ed zem\u011b a \/ nebo mezin\u00e1rodn\u00ed organizaci.<\/li>\n<\/ul>\n<p class=\"p1\"><b>VII.<\/b><\/p>\n<p class=\"p1\"><b>Dal\u0161\u00ed informace o zpracov\u00e1n\u00ed osobn\u00edch \u00fadaj\u016f<\/b><\/p>\n<ul class=\"ul1\">\n<li class=\"li1\">Osobn\u00ed \u00fadaje Subjekt\u016f \u00fadaj\u016f budou zpracov\u00e1v\u00e1ny neautomatizovan\u011b.<\/li>\n<\/ul>\n<ul class=\"ul1\">\n<li class=\"li1\">Osobn\u00ed \u00fadaje Subjekt\u016f \u00fadaj\u016f budou zpracov\u00e1v\u00e1ny Spr\u00e1vcem.<\/li>\n<\/ul>\n<ul class=\"ul1\">\n<li class=\"li1\">Subjekt \u00fadaj\u016f, jeho\u017e osobn\u00ed \u00fadaje jsou zpracov\u00e1v\u00e1ny m\u00e1 pr\u00e1vo po\u017e\u00e1dat Spr\u00e1vce o poskytnut\u00ed informace\/\u00ed o zpracov\u00e1n\u00ed jeho osobn\u00edch \u00fadaj\u016f.<\/li>\n<\/ul>\n<ul class=\"ul1\">\n<li class=\"li1\">Subjekt \u00fadaj\u016f m\u00e1 pr\u00e1vo po\u017eadovat od Spr\u00e1vce p\u0159\u00edstup k osobn\u00edm \u00fadaj\u016fm t\u00fdkaj\u00edc\u00edm jeho osoby, jejich opravu nebo v\u00fdmaz, pop\u0159\u00edpad\u011b omezen\u00ed zpracov\u00e1n\u00ed, a vzn\u00e9st n\u00e1mitku proti zpracov\u00e1n\u00ed. Subjekt \u00fadaj\u016f m\u00e1 tak\u00e9 pr\u00e1vo na p\u0159enositelnost osobn\u00edch \u00fadaj\u016f o jeho osob\u011b.<\/li>\n<\/ul>\n<ul class=\"ul1\">\n<li class=\"li1\">Subjekt \u00fadaj\u016f m\u00e1 pr\u00e1vo z\u00edskat osobn\u00ed \u00fadaje, kter\u00e9 se ho t\u00fdkaj\u00ed, je\u017e poskytl Spr\u00e1vci, ve strukturovan\u00e9m, b\u011b\u017en\u011b pou\u017e\u00edvan\u00e9m a strojov\u011b \u010diteln\u00e9m form\u00e1tu, a pr\u00e1vo p\u0159edat tyto \u00fadaje jin\u00e9mu spr\u00e1vci, ani\u017e by tomu Spr\u00e1vce br\u00e1nil, a to v p\u0159\u00edpadech stanoven\u00fdch Na\u0159\u00edzen\u00edm o ochran\u011b osobn\u00edch \u00fadaj\u016f.<\/li>\n<\/ul>\n<ul class=\"ul1\">\n<li class=\"li1\">Pokud se Subjekt \u00fadaj\u016f domn\u00edv\u00e1, \u017ee do\u0161lo k poru\u0161en\u00ed pr\u00e1vn\u00edch p\u0159edpis\u016f v souvislosti s ochranou jeho osobn\u00edch \u00fadaj\u016f, m\u00e1 pr\u00e1vo podat st\u00ed\u017enost u n\u011bkter\u00e9ho dozorov\u00e9ho \u00fa\u0159adu. Dozorov\u00fdm \u00fa\u0159adem pro \u00fazem\u00ed \u010cesk\u00e9 republiky je \u00da\u0159ad pro ochranu osobn\u00edch \u00fadaj\u016f (<a href=\"http:\/\/www.uoou.cz\/\"><span class=\"s1\">www.uoou.cz<\/span><\/a>).<\/li>\n<\/ul>\n<p>[\/vc_column_text][\/vc_column][\/vc_row]<\/p>\n","protected":false},"excerpt":{"rendered":"<p>[vc_row][vc_column][vc_column_text text_larger=&#8220;no&#8220;] INFORMACE POSKYTNUT\u00c9 SPR\u00c1VCEM OSOBN\u00cdCH \u00daDAJ\u016e podle na\u0159\u00edzen\u00ed Evropsk\u00e9ho parlamentu a Rady (EU) \u010d. 2016\/679 ze dne 27.04.2016 o<\/p>\n","protected":false},"author":1,"featured_media":0,"parent":0,"menu_order":0,"comment_status":"closed","ping_status":"closed","template":"","meta":{"footnotes":""},"class_list":["post-2459","page","type-page","status-publish","hentry"],"yoast_head":"<!-- This site is optimized with the Yoast SEO plugin v26.6 - https:\/\/yoast.com\/wordpress\/plugins\/seo\/ -->\n<title>GDPR - MulletHuntingPro Shop<\/title>\n<meta name=\"robots\" content=\"index, follow, max-snippet:-1, max-image-preview:large, max-video-preview:-1\" \/>\n<link rel=\"canonical\" href=\"https:\/\/shop.mullethuntingpro.com\/shop\/gdpr\/\" \/>\n<meta property=\"og:locale\" content=\"cs_CZ\" \/>\n<meta property=\"og:type\" content=\"article\" \/>\n<meta property=\"og:title\" content=\"GDPR - MulletHuntingPro Shop\" \/>\n<meta property=\"og:description\" content=\"[vc_row][vc_column][vc_column_text text_larger=&#8220;no&#8220;] INFORMACE POSKYTNUT\u00c9 SPR\u00c1VCEM OSOBN\u00cdCH \u00daDAJ\u016e podle na\u0159\u00edzen\u00ed Evropsk\u00e9ho parlamentu a Rady (EU) \u010d. 2016\/679 ze dne 27.04.2016 o\" \/>\n<meta property=\"og:url\" content=\"https:\/\/shop.mullethuntingpro.com\/shop\/gdpr\/\" \/>\n<meta property=\"og:site_name\" content=\"MulletHuntingPro Shop\" \/>\n<meta name=\"twitter:card\" content=\"summary_large_image\" \/>\n<meta name=\"twitter:label1\" content=\"Odhadovan\u00e1 doba \u010dten\u00ed\" \/>\n\t<meta name=\"twitter:data1\" content=\"5 minut\" \/>\n<script type=\"application\/ld+json\" class=\"yoast-schema-graph\">{\"@context\":\"https:\/\/schema.org\",\"@graph\":[{\"@type\":\"WebPage\",\"@id\":\"https:\/\/shop.mullethuntingpro.com\/shop\/gdpr\/\",\"url\":\"https:\/\/shop.mullethuntingpro.com\/shop\/gdpr\/\",\"name\":\"GDPR - MulletHuntingPro Shop\",\"isPartOf\":{\"@id\":\"https:\/\/shop.mullethuntingpro.com\/shop\/#website\"},\"datePublished\":\"2025-09-05T07:35:37+00:00\",\"breadcrumb\":{\"@id\":\"https:\/\/shop.mullethuntingpro.com\/shop\/gdpr\/#breadcrumb\"},\"inLanguage\":\"cs\",\"potentialAction\":[{\"@type\":\"ReadAction\",\"target\":[\"https:\/\/shop.mullethuntingpro.com\/shop\/gdpr\/\"]}]},{\"@type\":\"BreadcrumbList\",\"@id\":\"https:\/\/shop.mullethuntingpro.com\/shop\/gdpr\/#breadcrumb\",\"itemListElement\":[{\"@type\":\"ListItem\",\"position\":1,\"name\":\"Dom\u016f\",\"item\":\"https:\/\/shop.mullethuntingpro.com\/shop\/\"},{\"@type\":\"ListItem\",\"position\":2,\"name\":\"GDPR\"}]},{\"@type\":\"WebSite\",\"@id\":\"https:\/\/shop.mullethuntingpro.com\/shop\/#website\",\"url\":\"https:\/\/shop.mullethuntingpro.com\/shop\/\",\"name\":\"MulletHuntingPro Shop\",\"description\":\"Merch komunity MulletHuntingPro\",\"publisher\":{\"@id\":\"https:\/\/shop.mullethuntingpro.com\/shop\/#organization\"},\"potentialAction\":[{\"@type\":\"SearchAction\",\"target\":{\"@type\":\"EntryPoint\",\"urlTemplate\":\"https:\/\/shop.mullethuntingpro.com\/shop\/?s={search_term_string}\"},\"query-input\":{\"@type\":\"PropertyValueSpecification\",\"valueRequired\":true,\"valueName\":\"search_term_string\"}}],\"inLanguage\":\"cs\"},{\"@type\":\"Organization\",\"@id\":\"https:\/\/shop.mullethuntingpro.com\/shop\/#organization\",\"name\":\"MulletHuntingPro Shop\",\"url\":\"https:\/\/shop.mullethuntingpro.com\/shop\/\",\"logo\":{\"@type\":\"ImageObject\",\"inLanguage\":\"cs\",\"@id\":\"https:\/\/shop.mullethuntingpro.com\/shop\/#\/schema\/logo\/image\/\",\"url\":\"https:\/\/shop.mullethuntingpro.com\/shop\/wp-content\/uploads\/2021\/02\/mullet-logo-dark.png\",\"contentUrl\":\"https:\/\/shop.mullethuntingpro.com\/shop\/wp-content\/uploads\/2021\/02\/mullet-logo-dark.png\",\"width\":377,\"height\":76,\"caption\":\"MulletHuntingPro Shop\"},\"image\":{\"@id\":\"https:\/\/shop.mullethuntingpro.com\/shop\/#\/schema\/logo\/image\/\"}}]}<\/script>\n<!-- \/ Yoast SEO plugin. -->","yoast_head_json":{"title":"GDPR - MulletHuntingPro Shop","robots":{"index":"index","follow":"follow","max-snippet":"max-snippet:-1","max-image-preview":"max-image-preview:large","max-video-preview":"max-video-preview:-1"},"canonical":"https:\/\/shop.mullethuntingpro.com\/shop\/gdpr\/","og_locale":"cs_CZ","og_type":"article","og_title":"GDPR - MulletHuntingPro Shop","og_description":"[vc_row][vc_column][vc_column_text text_larger=&#8220;no&#8220;] INFORMACE POSKYTNUT\u00c9 SPR\u00c1VCEM OSOBN\u00cdCH \u00daDAJ\u016e podle na\u0159\u00edzen\u00ed Evropsk\u00e9ho parlamentu a Rady (EU) \u010d. 2016\/679 ze dne 27.04.2016 o","og_url":"https:\/\/shop.mullethuntingpro.com\/shop\/gdpr\/","og_site_name":"MulletHuntingPro Shop","twitter_card":"summary_large_image","twitter_misc":{"Odhadovan\u00e1 doba \u010dten\u00ed":"5 minut"},"schema":{"@context":"https:\/\/schema.org","@graph":[{"@type":"WebPage","@id":"https:\/\/shop.mullethuntingpro.com\/shop\/gdpr\/","url":"https:\/\/shop.mullethuntingpro.com\/shop\/gdpr\/","name":"GDPR - MulletHuntingPro Shop","isPartOf":{"@id":"https:\/\/shop.mullethuntingpro.com\/shop\/#website"},"datePublished":"2025-09-05T07:35:37+00:00","breadcrumb":{"@id":"https:\/\/shop.mullethuntingpro.com\/shop\/gdpr\/#breadcrumb"},"inLanguage":"cs","potentialAction":[{"@type":"ReadAction","target":["https:\/\/shop.mullethuntingpro.com\/shop\/gdpr\/"]}]},{"@type":"BreadcrumbList","@id":"https:\/\/shop.mullethuntingpro.com\/shop\/gdpr\/#breadcrumb","itemListElement":[{"@type":"ListItem","position":1,"name":"Dom\u016f","item":"https:\/\/shop.mullethuntingpro.com\/shop\/"},{"@type":"ListItem","position":2,"name":"GDPR"}]},{"@type":"WebSite","@id":"https:\/\/shop.mullethuntingpro.com\/shop\/#website","url":"https:\/\/shop.mullethuntingpro.com\/shop\/","name":"MulletHuntingPro Shop","description":"Merch komunity MulletHuntingPro","publisher":{"@id":"https:\/\/shop.mullethuntingpro.com\/shop\/#organization"},"potentialAction":[{"@type":"SearchAction","target":{"@type":"EntryPoint","urlTemplate":"https:\/\/shop.mullethuntingpro.com\/shop\/?s={search_term_string}"},"query-input":{"@type":"PropertyValueSpecification","valueRequired":true,"valueName":"search_term_string"}}],"inLanguage":"cs"},{"@type":"Organization","@id":"https:\/\/shop.mullethuntingpro.com\/shop\/#organization","name":"MulletHuntingPro Shop","url":"https:\/\/shop.mullethuntingpro.com\/shop\/","logo":{"@type":"ImageObject","inLanguage":"cs","@id":"https:\/\/shop.mullethuntingpro.com\/shop\/#\/schema\/logo\/image\/","url":"https:\/\/shop.mullethuntingpro.com\/shop\/wp-content\/uploads\/2021\/02\/mullet-logo-dark.png","contentUrl":"https:\/\/shop.mullethuntingpro.com\/shop\/wp-content\/uploads\/2021\/02\/mullet-logo-dark.png","width":377,"height":76,"caption":"MulletHuntingPro Shop"},"image":{"@id":"https:\/\/shop.mullethuntingpro.com\/shop\/#\/schema\/logo\/image\/"}}]}},"_links":{"self":[{"href":"https:\/\/shop.mullethuntingpro.com\/shop\/wp-json\/wp\/v2\/pages\/2459","targetHints":{"allow":["GET"]}}],"collection":[{"href":"https:\/\/shop.mullethuntingpro.com\/shop\/wp-json\/wp\/v2\/pages"}],"about":[{"href":"https:\/\/shop.mullethuntingpro.com\/shop\/wp-json\/wp\/v2\/types\/page"}],"author":[{"embeddable":true,"href":"https:\/\/shop.mullethuntingpro.com\/shop\/wp-json\/wp\/v2\/users\/1"}],"replies":[{"embeddable":true,"href":"https:\/\/shop.mullethuntingpro.com\/shop\/wp-json\/wp\/v2\/comments?post=2459"}],"version-history":[{"count":1,"href":"https:\/\/shop.mullethuntingpro.com\/shop\/wp-json\/wp\/v2\/pages\/2459\/revisions"}],"predecessor-version":[{"id":2460,"href":"https:\/\/shop.mullethuntingpro.com\/shop\/wp-json\/wp\/v2\/pages\/2459\/revisions\/2460"}],"wp:attachment":[{"href":"https:\/\/shop.mullethuntingpro.com\/shop\/wp-json\/wp\/v2\/media?parent=2459"}],"curies":[{"name":"wp","href":"https:\/\/api.w.org\/{rel}","templated":true}]}}