{"id":1679,"date":"2021-02-09T23:03:31","date_gmt":"2021-02-09T22:03:31","guid":{"rendered":"https:\/\/shop.mullethuntingpro.com\/shop\/?page_id=1679"},"modified":"2021-02-27T09:48:42","modified_gmt":"2021-02-27T08:48:42","slug":"kontakt","status":"publish","type":"page","link":"https:\/\/shop.mullethuntingpro.com\/shop\/kontakt\/","title":{"rendered":"Kontakt"},"content":{"rendered":"<p>[vc_row full_width=&#8220;stretch_row&#8220; css=&#8220;.vc_custom_1613836964896{margin-top: -40px !important;border-bottom-width: 48px !important;padding-top: 48px !important;padding-bottom: 48px !important;background-image: url(https:\/\/shop.mullethuntingpro.com\/shop\/wp-content\/uploads\/2021\/02\/hero.jpg?id=1660) !important;background-position: center !important;background-repeat: no-repeat !important;background-size: cover !important;}&#8220; woodmart_parallax=&#8220;0&#8243; woodmart_gradient_switch=&#8220;no&#8220; row_reverse_mobile=&#8220;0&#8243; row_reverse_tablet=&#8220;0&#8243; woodmart_disable_overflow=&#8220;0&#8243; mobile_bg_img_hidden=&#8220;no&#8220; tablet_bg_img_hidden=&#8220;no&#8220;][vc_column woodmart_color_scheme=&#8220;light&#8220; css=&#8220;.vc_custom_1538138097806{padding-top: 0px !important;}&#8220; woodmart_parallax=&#8220;0&#8243; parallax_scroll=&#8220;no&#8220; woodmart_sticky_column=&#8220;false&#8220;][\/vc_column][vc_column width=&#8220;5\/12&#8243; woodmart_color_scheme=&#8220;light&#8220; woodmart_parallax=&#8220;0&#8243; parallax_scroll=&#8220;no&#8220; woodmart_sticky_column=&#8220;false&#8220; css=&#8220;.vc_custom_1538399061542{padding-top: 0px !important;}&#8220; offset=&#8220;vc_col-lg-offset-3 vc_col-lg-3 vc_col-md-offset-2 vc_col-md-4 vc_col-sm-offset-1 vc_col-xs-12&#8243;]\t\t\n\t\t<div id=\"wd-603132bfe5be2\" class=\"title-wrapper  woodmart-title-color-primary woodmart-title-style-simple woodmart-title-width-100 text-left woodmart-title-size-custom vc_custom_1613837037238\">\n\t\t\t\t\t\t\t<div class=\"title-subtitle  font-default subtitle-style-default woodmart-font-weight-600\">E-mail<\/div>\n\t\t\t\t\t\t\n\t\t\t<div class=\"liner-continer\">\n\t\t\t\t<span class=\"left-line\"><\/span>\n\t\t\t\t<h4 class=\"woodmart-title-container title  woodmart-font-weight-\" >mullethuntingpro@email.cz<\/h4>\t\t\t\t\t\t\t\t<span class=\"right-line\"><\/span>\n\t\t\t<\/div>\n\t\t\t\n\t\t\t\t\t\t\n\t\t\t\t\t<\/div>\n\t\t\n\t\t\t\t\n\t\t<div id=\"wd-60313312a95bf\" class=\"title-wrapper  woodmart-title-color-primary woodmart-title-style-simple woodmart-title-width-100 text-left woodmart-title-size-custom vc_custom_1613837093414\">\n\t\t\t\t\t\t\t<div class=\"title-subtitle  font-default subtitle-style-default woodmart-font-weight-600\">Zodpov\u011bdn\u00e1 osoba<\/div>\n\t\t\t\t\t\t\n\t\t\t<div class=\"liner-continer\">\n\t\t\t\t<span class=\"left-line\"><\/span>\n\t\t\t\t<h4 class=\"woodmart-title-container title  woodmart-font-weight-\" >Ale\u0161 Tomsa<\/h4>\t\t\t\t\t\t\t\t<span class=\"right-line\"><\/span>\n\t\t\t<\/div>\n\t\t\t\n\t\t\t\t\t\t\n\t\t\t\t\t<\/div>\n\t\t\n\t\t[\/vc_column][vc_column width=&#8220;5\/12&#8243; woodmart_color_scheme=&#8220;light&#8220; woodmart_parallax=&#8220;0&#8243; parallax_scroll=&#8220;no&#8220; woodmart_sticky_column=&#8220;false&#8220; css=&#8220;.vc_custom_1538399078771{padding-top: 0px !important;}&#8220; offset=&#8220;vc_col-lg-3 vc_col-md-4 vc_col-xs-12&#8243;]\t\t\n\t\t<div id=\"wd-6031337e8767e\" class=\"title-wrapper  woodmart-title-color-primary woodmart-title-style-simple woodmart-title-width-100 text-left woodmart-title-size-custom vc_custom_1613837185439\">\n\t\t\t\t\t\t\t<div class=\"title-subtitle  font-default subtitle-style-default woodmart-font-weight-600\">I\u010cO<\/div>\n\t\t\t\t\t\t\n\t\t\t<div class=\"liner-continer\">\n\t\t\t\t<span class=\"left-line\"><\/span>\n\t\t\t\t<h4 class=\"woodmart-title-container title  woodmart-font-weight-\" >I\u010cO: 87675412<\/h4>\t\t\t\t\t\t\t\t<span class=\"right-line\"><\/span>\n\t\t\t<\/div>\n\t\t\t\n\t\t\t\t\t\t\n\t\t\t\t\t<\/div>\n\t\t\n\t\t\t\t\n\t\t<div id=\"wd-6031336008cac\" class=\"title-wrapper  woodmart-title-color-primary woodmart-title-style-simple woodmart-title-width-100 text-left woodmart-title-size-custom vc_custom_1613837171657\">\n\t\t\t\t\t\t\t<div class=\"title-subtitle  font-default subtitle-style-default woodmart-font-weight-600\">Facebook<\/div>\n\t\t\t\t\t\t\n\t\t\t<div class=\"liner-continer\">\n\t\t\t\t<span class=\"left-line\"><\/span>\n\t\t\t\t<h4 class=\"woodmart-title-container title  woodmart-font-weight-\" >https:\/\/www.facebook.com\/mullethuntingpro\/<\/h4>\t\t\t\t\t\t\t\t<span class=\"right-line\"><\/span>\n\t\t\t<\/div>\n\t\t\t\n\t\t\t\t\t\t\n\t\t\t\t\t<\/div>\n\t\t\n\t\t[\/vc_column][vc_column woodmart_color_scheme=&#8220;light&#8220; css=&#8220;.vc_custom_1613837572144{margin-top: 32px !important;}&#8220; woodmart_parallax=&#8220;0&#8243; parallax_scroll=&#8220;no&#8220; woodmart_sticky_column=&#8220;false&#8220; mobile_bg_img_hidden=&#8220;no&#8220; tablet_bg_img_hidden=&#8220;no&#8220; mobile_reset_margin=&#8220;no&#8220; tablet_reset_margin=&#8220;no&#8220;]<div id=\"wd-603134bc7f8c2\" class=\"woodmart-button-wrapper text-center\"><a href=\"#contact-form-popup\" title=\"\" class=\"btn btn-scheme-light btn-scheme-hover-light btn-style-default btn-shape-semi-round btn-size-large woodmart-open-popup  btn-icon-pos-right\">Kontaktn\u00ed formul\u00e1\u0159<span class=\"wd-btn-icon\"><i class=\"fas fa-angle-right\"><\/i><\/span><\/a><\/div><div id=\"contact-form-popup\" class=\"mfp-with-anim woodmart-content-popup mfp-hide\" style=\"max-width:900px;\"><div class=\"woodmart-popup-inner\">[vc_row_inner equal_height=&#8220;yes&#8220; css=&#8220;.vc_custom_1493299761637{margin-top: -30px !important;margin-right: -30px !important;margin-bottom: -30px !important;margin-left: -30px !important;}&#8220;][vc_column_inner width=&#8220;2\/3&#8243; css=&#8220;.vc_custom_1493299937177{padding-top: 30px !important;padding-right: 30px !important;padding-bottom: 15px !important;padding-left: 30px !important;}&#8220;]\t\t\n\t\t<div id=\"wd-6031338d7397b\" class=\"title-wrapper  woodmart-title-color-default woodmart-title-style-default woodmart-title-width-100 text-left woodmart-title-size-small \">\n\t\t\t\t\t\t\n\t\t\t<div class=\"liner-continer\">\n\t\t\t\t<span class=\"left-line\"><\/span>\n\t\t\t\t<h4 class=\"woodmart-title-container title  woodmart-font-weight-\" >Zaslat zpr\u00e1vu<\/h4>\t\t\t\t\t\t\t\t<span class=\"right-line\"><\/span>\n\t\t\t<\/div>\n\t\t\t\n\t\t\t\t\t\t\n\t\t\t\t\t<\/div>\n\t\t\n\t\t[vc_column_text css=&#8220;.vc_custom_1614415719584{margin-bottom: 0px !important;}&#8220; text_larger=&#8220;no&#8220;]\n<div class=\"wpcf7 no-js\" id=\"wpcf7-f369-o1\" lang=\"en-US\" dir=\"ltr\" data-wpcf7-id=\"369\">\n<div class=\"screen-reader-response\"><p role=\"status\" aria-live=\"polite\" aria-atomic=\"true\"><\/p> <ul><\/ul><\/div>\n<form action=\"\/shop\/wp-json\/wp\/v2\/pages\/1679#wpcf7-f369-o1\" method=\"post\" class=\"wpcf7-form init\" aria-label=\"Contact form\" novalidate=\"novalidate\" data-status=\"init\">\n<fieldset class=\"hidden-fields-container\"><input type=\"hidden\" name=\"_wpcf7\" value=\"369\" \/><input type=\"hidden\" name=\"_wpcf7_version\" value=\"6.1.4\" \/><input type=\"hidden\" name=\"_wpcf7_locale\" value=\"en_US\" \/><input type=\"hidden\" name=\"_wpcf7_unit_tag\" value=\"wpcf7-f369-o1\" \/><input type=\"hidden\" name=\"_wpcf7_container_post\" value=\"0\" \/><input type=\"hidden\" name=\"_wpcf7_posted_data_hash\" value=\"\" \/>\n<\/fieldset>\n<p><label> Jm\u00e9no a p\u0159\u00edjmen\u00ed (povinn\u00e9)<br \/>\n<span class=\"wpcf7-form-control-wrap\" data-name=\"your-name\"><input size=\"40\" maxlength=\"400\" class=\"wpcf7-form-control wpcf7-text wpcf7-validates-as-required\" aria-required=\"true\" aria-invalid=\"false\" value=\"\" type=\"text\" name=\"your-name\" \/><\/span> <\/label>\n<\/p>\n<p><label> V\u00e1\u0161 email (povinn\u00e9)<br \/>\n<span class=\"wpcf7-form-control-wrap\" data-name=\"your-email\"><input size=\"40\" maxlength=\"400\" class=\"wpcf7-form-control wpcf7-email wpcf7-validates-as-required wpcf7-text wpcf7-validates-as-email\" aria-required=\"true\" aria-invalid=\"false\" value=\"\" type=\"email\" name=\"your-email\" \/><\/span> <\/label>\n<\/p>\n\n<!--<label> Subject\n    <span class=\"wpcf7-form-control-wrap\" data-name=\"your-subject\"><input size=\"40\" maxlength=\"400\" class=\"wpcf7-form-control wpcf7-text\" aria-invalid=\"false\" value=\"\" type=\"text\" name=\"your-subject\" \/><\/span> <\/label>-->\n<p><label> Va\u0161e zpr\u00e1va<br \/>\n<span class=\"wpcf7-form-control-wrap\" data-name=\"your-message\"><textarea cols=\"40\" rows=\"10\" maxlength=\"2000\" class=\"wpcf7-form-control wpcf7-textarea\" aria-invalid=\"false\" name=\"your-message\"><\/textarea><\/span> <\/label>\n<\/p>\n<p><input class=\"wpcf7-form-control wpcf7-submit has-spinner\" type=\"submit\" value=\"Odeslat\" \/>\n<\/p><div class=\"wpcf7-response-output\" aria-hidden=\"true\"><\/div>\n<\/form>\n<\/div>\n[\/vc_column_text][\/vc_column_inner][vc_column_inner width=&#8220;1\/3&#8243; css=&#8220;.vc_custom_1493299742195{padding-top: 30px !important;padding-right: 30px !important;padding-bottom: 30px !important;padding-left: 30px !important;background-color: #333333 !important;}&#8220;]\t\t\n\t\t<div id=\"wd-603133a9d3ec7\" class=\"title-wrapper  woodmart-title-color-white woodmart-title-style-default woodmart-title-width-100 text-left woodmart-title-size-small \">\n\t\t\t\t\t\t\n\t\t\t<div class=\"liner-continer\">\n\t\t\t\t<span class=\"left-line\"><\/span>\n\t\t\t\t<h4 class=\"woodmart-title-container title  woodmart-font-weight-\" >Kontaktn\u00ed informace<\/h4>\t\t\t\t\t\t\t\t<span class=\"right-line\"><\/span>\n\t\t\t<\/div>\n\t\t\t\n\t\t\t\t\t\t\n\t\t\t\t\t<\/div>\n\t\t\n\t\t\t\t\t<div class=\"info-box-wrapper \">\n\t\t\t\t<div id=\"wd-603133ba12e23\" class=\" woodmart-info-box text-left box-icon-align-left box-style- color-scheme-light woodmart-bg-none box-title-default \"  >\n\t\t\t\t\t\t\t\t\t\t\t<div class=\"box-icon-wrapper  box-with-icon box-icon-simple\">\n\t\t\t\t\t\t\t<div class=\"info-box-icon\">\n\n\t\t\t\t\t\t\t\n\t\t\t\t\t\t\t\t\t\t\t\t\t\t\t\t\t<div class=\"info-svg-wrapper info-icon\" style=\"width: 30px;height: 30px;\"><svg xmlns=\"http:\/\/www.w3.org\/2000\/svg\" xmlns:xlink=\"http:\/\/www.w3.org\/1999\/xlink\" version=\"1.1\" id=\"svg-4889\" x=\"0px\" y=\"0px\" viewBox=\"0 0 60.062 60.062\" style=\"enable-background:new 0 0 60.062 60.062;\" xml:space=\"preserve\" width=\"512px\" height=\"512px\">\n<path d=\"M60.046,11.196c0.004-0.024,0.011-0.048,0.013-0.072c0.007-0.074-0.001-0.149-0.01-0.224  c-0.002-0.019,0.001-0.037-0.002-0.056c-0.018-0.099-0.051-0.196-0.1-0.289c-0.008-0.016-0.019-0.031-0.028-0.047  c-0.002-0.002-0.002-0.005-0.003-0.008c-0.001-0.002-0.004-0.003-0.005-0.006c-0.007-0.011-0.013-0.023-0.02-0.033  c-0.062-0.091-0.137-0.166-0.221-0.23c-0.019-0.014-0.041-0.022-0.061-0.035c-0.074-0.049-0.152-0.089-0.236-0.116  c-0.037-0.012-0.074-0.018-0.112-0.025c-0.073-0.015-0.146-0.022-0.222-0.02c-0.04,0.001-0.078,0.003-0.118,0.009  c-0.026,0.004-0.051,0-0.077,0.006L0.798,22.046c-0.413,0.086-0.729,0.421-0.788,0.839s0.15,0.828,0.523,1.025l16.632,8.773  l2.917,16.187c-0.002,0.012,0.001,0.025,0,0.037c-0.01,0.08-0.011,0.158-0.001,0.237c0.005,0.04,0.01,0.078,0.02,0.117  c0.023,0.095,0.06,0.184,0.11,0.268c0.01,0.016,0.01,0.035,0.021,0.051c0.003,0.005,0.008,0.009,0.012,0.013  c0.013,0.019,0.031,0.034,0.046,0.053c0.047,0.058,0.096,0.111,0.152,0.156c0.009,0.007,0.015,0.018,0.025,0.025  c0.015,0.011,0.032,0.014,0.047,0.024c0.061,0.04,0.124,0.073,0.191,0.099c0.027,0.01,0.052,0.022,0.08,0.03  c0.09,0.026,0.183,0.044,0.277,0.044c0.001,0,0.002,0,0.003,0h0c0,0,0,0,0,0c0.004,0,0.008-0.002,0.012-0.002  c0.017,0.001,0.034,0.002,0.051,0.002c0.277,0,0.527-0.124,0.712-0.315l11.079-7.386l11.6,7.54c0.164,0.106,0.354,0.161,0.545,0.161  c0.105,0,0.212-0.017,0.315-0.051c0.288-0.096,0.518-0.318,0.623-0.604l13.996-37.989c0.013-0.034,0.024-0.069,0.033-0.105  c0.004-0.015,0.005-0.03,0.008-0.044C60.042,11.22,60.044,11.208,60.046,11.196z M48.464,17.579L24.471,35.22  c-0.039,0.029-0.07,0.065-0.104,0.099c-0.013,0.012-0.026,0.022-0.037,0.035c-0.021,0.023-0.04,0.046-0.059,0.071  c-0.018,0.024-0.032,0.049-0.048,0.074c-0.037,0.06-0.068,0.122-0.092,0.188c-0.005,0.013-0.013,0.023-0.017,0.036  c-0.001,0.004-0.005,0.006-0.006,0.01l-2.75,8.937l-2.179-12.091L48.464,17.579z M22.908,46.594l2.726-9.004l4.244,2.759  l1.214,0.789l-4.124,2.749L22.908,46.594z M52.044,13.498L18.071,30.899l-14.14-7.458L52.044,13.498z M44.559,47.504L29.154,37.492  l-2.333-1.517l30.154-22.172L44.559,47.504z\" fill=\"#FFFFFF\"\/>\n<g>\n<\/g>\n<g>\n<\/g>\n<g>\n<\/g>\n<g>\n<\/g>\n<g>\n<\/g>\n<g>\n<\/g>\n<g>\n<\/g>\n<g>\n<\/g>\n<g>\n<\/g>\n<g>\n<\/g>\n<g>\n<\/g>\n<g>\n<\/g>\n<g>\n<\/g>\n<g>\n<\/g>\n<g>\n<\/g>\n<\/svg>\n<\/div>\t\t\t\t\t\t\t\t\t\t\t\t\t\t\t\t\n\t\t\t\t\t\t\t\n\t\t\t\t\t\t\t<\/div>\n\t\t\t\t\t\t<\/div>\n\t\t\t\t\t\t\t\t\t\t<div class=\"info-box-content\">\n\t\t\t\t\t\t\t\t\t\t\t\t<div class=\"info-box-inner reset-mb-10\">\n\t\t\t\t\t\t\t<p><a href=\"mailto:mullethuntingpro@email.cz\">mullethuntingpro@email.cz<\/a><\/p>\n\t\t\t\t\t\t<\/div>\n\n\t\t\t\t\t\t\t\t\t\t\t\t\n\t\t\t\t\t<\/div>\n\n\t\t\t\t\t\t\t\t\t<\/div>\n\t\t\t<\/div>\n\t\t\t\t\t<div class=\"info-box-wrapper \">\n\t\t\t\t<div id=\"wd-603134627c2f0\" class=\" woodmart-info-box text-left box-icon-align-left box-style- color-scheme-light woodmart-bg-none box-title-default \"  >\n\t\t\t\t\t\t\t\t\t\t<div class=\"info-box-content\">\n\t\t\t\t\t\t\t\t\t\t\t\t<div class=\"info-box-inner reset-mb-10\">\n\t\t\t\t\t\t\t<p><strong>Zodpov\u011bdn\u00e1 osoba:<\/strong> Bc. Ale\u0161 Tomsa<\/p>\n<p><strong>I\u010cO:<\/strong> 87675412<\/p>\n\t\t\t\t\t\t<\/div>\n\n\t\t\t\t\t\t\t\t\t\t\t\t\n\t\t\t\t\t<\/div>\n\n\t\t\t\t\t\t\t\t\t<\/div>\n\t\t\t<\/div>\n\t\t[vc_separator color=&#8220;custom&#8220; accent_color=&#8220;rgba(255,255,255,0.15)&#8220; css=&#8220;.vc_custom_1484144347493{margin-bottom: 30px !important;}&#8220;][vc_column_text woodmart_color_scheme=&#8220;light&#8220; css=&#8220;.vc_custom_1613837402408{margin-bottom: 20px !important;}&#8220; text_larger=&#8220;no&#8220;]M\u00e1te jak\u00e9-koliv dotazy, \u010di pot\u0159ebujete pomoci ohledn\u011b objedn\u00e1vky? Napi\u0161te mi pros\u00edm e-mail a pokus\u00edm se v\u00e1m odepsat co nejrychleji.[\/vc_column_text]\n\t\t\t<div class=\"woodmart-social-icons text-left icons-design-colored icons-size-small color-scheme-dark social-follow social-form-circle\">\n\t\t\t\t\t\t\t\t\t<a rel=\"nofollow\" href=\"https:\/\/www.facebook.com\/mullethuntingpro\" target=\"_blank\" class=\" woodmart-social-icon social-facebook\">\n\t\t\t\t\t\t<i><\/i>\n\t\t\t\t\t\t<span class=\"woodmart-social-icon-name\">Facebook<\/span>\n\t\t\t\t\t<\/a>\n\t\t\t\t\n\t\t\t\t\n\t\t\t\t\n\t\t\t\t\n\t\t\t\t\n\t\t\t\t\n\t\t\t\t\n\t\t\t\t\n\t\t\t\t\n\t\t\t\t\n\t\t\t\t\n\t\t\t\t\n\t\t\t\t\n\t\t\t\t\n\t\t\t\t\n\t\t\t\t\n\t\t\t\t\n\t\t\t\t\t\t\t\t\n\t\t\t\t\t\t\t\t\n\t\t\t\t\n\t\t\t\t\t\t\t\t\n\t\t\t\t\n\t\t\t<\/div>\n\n\t\t[\/vc_column_inner][\/vc_row_inner]<\/div><\/div>[\/vc_column][\/vc_row]<\/p>\n","protected":false},"excerpt":{"rendered":"<p>[vc_row full_width=&#8220;stretch_row&#8220; css=&#8220;.vc_custom_1613836964896{margin-top: -40px !important;border-bottom-width: 48px !important;padding-top: 48px !important;padding-bottom: 48px !important;background-image: url(https:\/\/shop.mullethuntingpro.com\/shop\/wp-content\/uploads\/2021\/02\/hero.jpg?id=1660) !important;background-position: center !important;background-repeat: no-repeat !important;background-size: cover !important;}&#8220; woodmart_parallax=&#8220;0&#8243;<\/p>\n","protected":false},"author":1,"featured_media":0,"parent":0,"menu_order":0,"comment_status":"closed","ping_status":"closed","template":"","meta":{"footnotes":""},"class_list":["post-1679","page","type-page","status-publish","hentry"],"yoast_head":"<!-- This site is optimized with the Yoast SEO plugin v26.6 - https:\/\/yoast.com\/wordpress\/plugins\/seo\/ -->\n<title>Kontakt - MulletHuntingPro Shop<\/title>\n<meta name=\"robots\" content=\"index, follow, max-snippet:-1, max-image-preview:large, max-video-preview:-1\" \/>\n<link rel=\"canonical\" href=\"https:\/\/shop.mullethuntingpro.com\/shop\/kontakt\/\" \/>\n<meta property=\"og:locale\" content=\"cs_CZ\" \/>\n<meta property=\"og:type\" content=\"article\" \/>\n<meta property=\"og:title\" content=\"Kontakt - MulletHuntingPro Shop\" \/>\n<meta property=\"og:description\" content=\"[vc_row full_width=&#8220;stretch_row&#8220; css=&#8220;.vc_custom_1613836964896{margin-top: -40px !important;border-bottom-width: 48px !important;padding-top: 48px !important;padding-bottom: 48px !important;background-image: url(https:\/\/shop.mullethuntingpro.com\/shop\/wp-content\/uploads\/2021\/02\/hero.jpg?id=1660) !important;background-position: center !important;background-repeat: no-repeat !important;background-size: cover !important;}&#8220; woodmart_parallax=&#8220;0&#8243;\" \/>\n<meta property=\"og:url\" content=\"https:\/\/shop.mullethuntingpro.com\/shop\/kontakt\/\" \/>\n<meta property=\"og:site_name\" content=\"MulletHuntingPro Shop\" \/>\n<meta property=\"article:modified_time\" content=\"2021-02-27T08:48:42+00:00\" \/>\n<meta name=\"twitter:card\" content=\"summary_large_image\" \/>\n<meta name=\"twitter:label1\" content=\"Odhadovan\u00e1 doba \u010dten\u00ed\" \/>\n\t<meta name=\"twitter:data1\" content=\"5 minut\" \/>\n<script type=\"application\/ld+json\" class=\"yoast-schema-graph\">{\"@context\":\"https:\/\/schema.org\",\"@graph\":[{\"@type\":\"WebPage\",\"@id\":\"https:\/\/shop.mullethuntingpro.com\/shop\/kontakt\/\",\"url\":\"https:\/\/shop.mullethuntingpro.com\/shop\/kontakt\/\",\"name\":\"Kontakt - MulletHuntingPro Shop\",\"isPartOf\":{\"@id\":\"https:\/\/shop.mullethuntingpro.com\/shop\/#website\"},\"datePublished\":\"2021-02-09T22:03:31+00:00\",\"dateModified\":\"2021-02-27T08:48:42+00:00\",\"breadcrumb\":{\"@id\":\"https:\/\/shop.mullethuntingpro.com\/shop\/kontakt\/#breadcrumb\"},\"inLanguage\":\"cs\",\"potentialAction\":[{\"@type\":\"ReadAction\",\"target\":[\"https:\/\/shop.mullethuntingpro.com\/shop\/kontakt\/\"]}]},{\"@type\":\"BreadcrumbList\",\"@id\":\"https:\/\/shop.mullethuntingpro.com\/shop\/kontakt\/#breadcrumb\",\"itemListElement\":[{\"@type\":\"ListItem\",\"position\":1,\"name\":\"Dom\u016f\",\"item\":\"https:\/\/shop.mullethuntingpro.com\/shop\/\"},{\"@type\":\"ListItem\",\"position\":2,\"name\":\"Kontakt\"}]},{\"@type\":\"WebSite\",\"@id\":\"https:\/\/shop.mullethuntingpro.com\/shop\/#website\",\"url\":\"https:\/\/shop.mullethuntingpro.com\/shop\/\",\"name\":\"MulletHuntingPro Shop\",\"description\":\"Merch komunity MulletHuntingPro\",\"publisher\":{\"@id\":\"https:\/\/shop.mullethuntingpro.com\/shop\/#organization\"},\"potentialAction\":[{\"@type\":\"SearchAction\",\"target\":{\"@type\":\"EntryPoint\",\"urlTemplate\":\"https:\/\/shop.mullethuntingpro.com\/shop\/?s={search_term_string}\"},\"query-input\":{\"@type\":\"PropertyValueSpecification\",\"valueRequired\":true,\"valueName\":\"search_term_string\"}}],\"inLanguage\":\"cs\"},{\"@type\":\"Organization\",\"@id\":\"https:\/\/shop.mullethuntingpro.com\/shop\/#organization\",\"name\":\"MulletHuntingPro Shop\",\"url\":\"https:\/\/shop.mullethuntingpro.com\/shop\/\",\"logo\":{\"@type\":\"ImageObject\",\"inLanguage\":\"cs\",\"@id\":\"https:\/\/shop.mullethuntingpro.com\/shop\/#\/schema\/logo\/image\/\",\"url\":\"https:\/\/shop.mullethuntingpro.com\/shop\/wp-content\/uploads\/2021\/02\/mullet-logo-dark.png\",\"contentUrl\":\"https:\/\/shop.mullethuntingpro.com\/shop\/wp-content\/uploads\/2021\/02\/mullet-logo-dark.png\",\"width\":377,\"height\":76,\"caption\":\"MulletHuntingPro Shop\"},\"image\":{\"@id\":\"https:\/\/shop.mullethuntingpro.com\/shop\/#\/schema\/logo\/image\/\"}}]}<\/script>\n<!-- \/ Yoast SEO plugin. -->","yoast_head_json":{"title":"Kontakt - MulletHuntingPro Shop","robots":{"index":"index","follow":"follow","max-snippet":"max-snippet:-1","max-image-preview":"max-image-preview:large","max-video-preview":"max-video-preview:-1"},"canonical":"https:\/\/shop.mullethuntingpro.com\/shop\/kontakt\/","og_locale":"cs_CZ","og_type":"article","og_title":"Kontakt - MulletHuntingPro Shop","og_description":"[vc_row full_width=&#8220;stretch_row&#8220; css=&#8220;.vc_custom_1613836964896{margin-top: -40px !important;border-bottom-width: 48px !important;padding-top: 48px !important;padding-bottom: 48px !important;background-image: url(https:\/\/shop.mullethuntingpro.com\/shop\/wp-content\/uploads\/2021\/02\/hero.jpg?id=1660) !important;background-position: center !important;background-repeat: no-repeat !important;background-size: cover !important;}&#8220; woodmart_parallax=&#8220;0&#8243;","og_url":"https:\/\/shop.mullethuntingpro.com\/shop\/kontakt\/","og_site_name":"MulletHuntingPro Shop","article_modified_time":"2021-02-27T08:48:42+00:00","twitter_card":"summary_large_image","twitter_misc":{"Odhadovan\u00e1 doba \u010dten\u00ed":"5 minut"},"schema":{"@context":"https:\/\/schema.org","@graph":[{"@type":"WebPage","@id":"https:\/\/shop.mullethuntingpro.com\/shop\/kontakt\/","url":"https:\/\/shop.mullethuntingpro.com\/shop\/kontakt\/","name":"Kontakt - MulletHuntingPro Shop","isPartOf":{"@id":"https:\/\/shop.mullethuntingpro.com\/shop\/#website"},"datePublished":"2021-02-09T22:03:31+00:00","dateModified":"2021-02-27T08:48:42+00:00","breadcrumb":{"@id":"https:\/\/shop.mullethuntingpro.com\/shop\/kontakt\/#breadcrumb"},"inLanguage":"cs","potentialAction":[{"@type":"ReadAction","target":["https:\/\/shop.mullethuntingpro.com\/shop\/kontakt\/"]}]},{"@type":"BreadcrumbList","@id":"https:\/\/shop.mullethuntingpro.com\/shop\/kontakt\/#breadcrumb","itemListElement":[{"@type":"ListItem","position":1,"name":"Dom\u016f","item":"https:\/\/shop.mullethuntingpro.com\/shop\/"},{"@type":"ListItem","position":2,"name":"Kontakt"}]},{"@type":"WebSite","@id":"https:\/\/shop.mullethuntingpro.com\/shop\/#website","url":"https:\/\/shop.mullethuntingpro.com\/shop\/","name":"MulletHuntingPro Shop","description":"Merch komunity MulletHuntingPro","publisher":{"@id":"https:\/\/shop.mullethuntingpro.com\/shop\/#organization"},"potentialAction":[{"@type":"SearchAction","target":{"@type":"EntryPoint","urlTemplate":"https:\/\/shop.mullethuntingpro.com\/shop\/?s={search_term_string}"},"query-input":{"@type":"PropertyValueSpecification","valueRequired":true,"valueName":"search_term_string"}}],"inLanguage":"cs"},{"@type":"Organization","@id":"https:\/\/shop.mullethuntingpro.com\/shop\/#organization","name":"MulletHuntingPro Shop","url":"https:\/\/shop.mullethuntingpro.com\/shop\/","logo":{"@type":"ImageObject","inLanguage":"cs","@id":"https:\/\/shop.mullethuntingpro.com\/shop\/#\/schema\/logo\/image\/","url":"https:\/\/shop.mullethuntingpro.com\/shop\/wp-content\/uploads\/2021\/02\/mullet-logo-dark.png","contentUrl":"https:\/\/shop.mullethuntingpro.com\/shop\/wp-content\/uploads\/2021\/02\/mullet-logo-dark.png","width":377,"height":76,"caption":"MulletHuntingPro Shop"},"image":{"@id":"https:\/\/shop.mullethuntingpro.com\/shop\/#\/schema\/logo\/image\/"}}]}},"_links":{"self":[{"href":"https:\/\/shop.mullethuntingpro.com\/shop\/wp-json\/wp\/v2\/pages\/1679","targetHints":{"allow":["GET"]}}],"collection":[{"href":"https:\/\/shop.mullethuntingpro.com\/shop\/wp-json\/wp\/v2\/pages"}],"about":[{"href":"https:\/\/shop.mullethuntingpro.com\/shop\/wp-json\/wp\/v2\/types\/page"}],"author":[{"embeddable":true,"href":"https:\/\/shop.mullethuntingpro.com\/shop\/wp-json\/wp\/v2\/users\/1"}],"replies":[{"embeddable":true,"href":"https:\/\/shop.mullethuntingpro.com\/shop\/wp-json\/wp\/v2\/comments?post=1679"}],"version-history":[{"count":18,"href":"https:\/\/shop.mullethuntingpro.com\/shop\/wp-json\/wp\/v2\/pages\/1679\/revisions"}],"predecessor-version":[{"id":1809,"href":"https:\/\/shop.mullethuntingpro.com\/shop\/wp-json\/wp\/v2\/pages\/1679\/revisions\/1809"}],"wp:attachment":[{"href":"https:\/\/shop.mullethuntingpro.com\/shop\/wp-json\/wp\/v2\/media?parent=1679"}],"curies":[{"name":"wp","href":"https:\/\/api.w.org\/{rel}","templated":true}]}}